{"id":384,"date":"2017-05-17T16:41:53","date_gmt":"2017-05-17T16:41:53","guid":{"rendered":"http:\/\/www.auvifdemaplume.fr\/?page_id=384"},"modified":"2017-06-15T20:12:43","modified_gmt":"2017-06-15T20:12:43","slug":"plan-du-site","status":"publish","type":"page","link":"https:\/\/www.auvifdemaplume.fr\/index.php\/plan-du-site\/","title":{"rendered":"Plan du site"},"content":{"rendered":"<h4 style=\"text-align: center;\"><span style=\"font-size: 14pt;\"><strong>C&#8217;est votre premi\u00e8re visite ?<\/strong> <\/span><br \/>\n<span style=\"font-size: 14pt;\"><strong>Voil\u00e0 des indications qui vous aideront \u00e0 naviguer!<\/strong><\/span><\/h4>\n<p style=\"text-align: left;\"><span style=\"font-size: 14pt;\"><strong>Cat\u00e9gories :\u00a0<\/strong><\/span><\/p>\n<ul>\n<li style=\"text-align: left;\"><a href=\"http:\/\/www.auvifdemaplume.fr\/index.php\/a-propos\/\"><strong>A propos<\/strong><\/a> -&gt; vous y trouverez des informations sur moi, qui je suis, d&#8217;o\u00f9 je viens, pour d\u00e9couvrir mon parcours. Vous pouvez aussi y acc\u00e9der en cliquant sur ma photo dans la sidebar !<\/li>\n<li style=\"text-align: left;\"><a href=\"http:\/\/www.auvifdemaplume.fr\"><strong>Journal<\/strong><\/a> -&gt; vous y trouverez tous mes articles dans l&#8217;ordre chronologique invers\u00e9. Pour y revenir, il nous suffit de cliquer sur le bouton dans le menu, ou bien sur le logo Momig<\/li>\n<li style=\"text-align: left;\"><a href=\"http:\/\/www.auvifdemaplume.fr\/index.php\/lire-ecrire\/\"><strong>Lire\/\u00e9crire<\/strong><\/a> -&gt; vous y trouverez mes articles qui parlent de lectures, du travail d&#8217;\u00e9criture en g\u00e9n\u00e9ral, et de mon travail d&#8217;\u00e9crivain<\/li>\n<li style=\"text-align: left;\"><a href=\"http:\/\/www.auvifdemaplume.fr\/index.php\/category\/portraits\/\"><strong>Portraits<\/strong><\/a> -&gt; vous y trouverez les portraits de personnes inspirantes que j&#8217;ai eu la chance de rencontrer au hasard, ou non, du chemin<\/li>\n<li style=\"text-align: left;\"><strong><a href=\"http:\/\/www.auvifdemaplume.fr\/index.php\/ateliers\/\">Ateliers<\/a>\u00a0<\/strong>-&gt; vous y trouverez une jolie proposition : toutes les informations pour s&#8217;inscrire aux ateliers de connaissance de soi par l&#8217;\u00e9criture que j&#8217;anime avec la meilleure des coachs! Vous pouvez aussi acc\u00e9der \u00e0 cette page en cliquant sur le logo <a href=\"http:\/\/www.auvifdemaplume.fr\/index.php\/ateliers\/\">LEV<\/a> dans la sidebar.<\/li>\n<\/ul>\n<p>&nbsp;<\/p>\n<p><span style=\"font-size: 14pt;\"><strong>Etiquettes :\u00a0<\/strong><\/span><\/p>\n<p>Les \u00e9tiquettes servent \u00e0 retrouver les articles qui vous int\u00e9ressent selon le th\u00e8me et le sujet. Par exemple l&#8217;\u00e9tiquette &#8220;<a href=\"http:\/\/www.auvifdemaplume.fr\/index.php\/tag\/artiste\/\">artiste<\/a>&#8221; regroupe tout ce que j&#8217;ai \u00e9crit au sujet d&#8217;un artiste ou du travail artistique. N&#8217;h\u00e9sitez pas \u00e0 cliquer sur une \u00e9tiquette qui vous inspire\u00a0pour d\u00e9couvrir pleins de nouvelles choses ! Laissez-vous guider au fil des mots cl\u00e9s&#8230;<\/p>\n<p>&nbsp;<\/p>\n<p><span style=\"font-size: 14pt;\"><strong>L&#8217;outil recherche : (\u00a0<\/strong> <i class=\"hs hs-search-2\"><\/i> <strong> )<\/strong><\/span><\/p>\n<p>A droite dans le menu vous trouverez un outil de recherche qui vous am\u00e8ne sur n&#8217;importe quelle page du blog sur laquelle le mot que vous cherchez appara\u00eet. C&#8217;est pratique quand vous cherchez quelque chose de pr\u00e9cis !<\/p>\n<p>&nbsp;<\/p>\n<p><span style=\"font-size: 14pt;\"><strong>Archives :<\/strong><\/span><\/p>\n<p>Dans la sidebar se trouvent les archives de mes articles, tri\u00e9s chronologiquement mois par mois. Si vous cherchez une date particuli\u00e8re ou simplement la liste de tous les titres d&#8217;articles du blog, c&#8217;est l&#8217;outil id\u00e9al !<\/p>\n<p>&nbsp;<\/p>\n<p><span style=\"font-size: 14pt;\"><strong>Contact :<\/strong><\/span><\/p>\n<p>Si vous souhaitez me contacter, il vous suffit ou de cliquer sur le logo e-mail qui se trouve dans la sidebar dans les r\u00e9seaux sociaux, ou bien sur le mot <a href=\"mailto:auvifdemaplume@gmail.com\">Contact<\/a>\u00a0qui se trouve tout en bas. Cela vous enverra automatiquement\u00a0sur votre bo\u00eete mail. Vous n&#8217;avez plus qu&#8217;\u00e0 m&#8217;\u00e9crire librement !<br \/>\nEt pour toute information compl\u00e9mentaire, vous trouverez la page des\u00a0<a href=\"http:\/\/www.auvifdemaplume.fr\/index.php\/mentions-legales\/\">mentions l\u00e9gales<\/a>\u00a0\u00e0 laquelle vous pouvez acc\u00e9der tout en bas de n&#8217;importe quelle page du blog. Cette page vous donnera les r\u00e9f\u00e9rences de toute la belle \u00e9quipe qui a particip\u00e9 \u00e0 la cr\u00e9ation de ce bel espace d&#8217;expression libre et accessible \u00e0 tous\u00a0!<\/p>\n<p>&nbsp;<\/p>\n<p><span style=\"font-size: 14pt;\"><strong>Simple et gratuit, inscrivez-vous pour recevoir mes nouveaux articles\u00a0:\u00a0<\/strong><\/span><\/p>\n<p>Si vous voulez recevoir\u00a0les nouveaut\u00e9s et les articles du blog directement dans votre bo\u00eete mail, vous pouvez inscrire votre mail dans cet encadr\u00e9 de la sidebar. Je pense envoyer des nouveaut\u00e9s deux fois par mois, je ne devrais pas encombrer votre messagerie! Vous pourrez bien s\u00fbr vous d\u00e9sinscrire quand vous voulez.<\/p>\n<p>&nbsp;<\/p>\n<p>Voil\u00e0, j&#8217;esp\u00e8re que ce petit plan vous aidera \u00e0 trouver votre bonheur sur mon blog !<\/p>\n<p>Bonne lecture \ud83d\ude42<\/p>\n<p>&nbsp;<\/p>\n","protected":false},"excerpt":{"rendered":"<p><strong>C&#8217;est votre premi\u00e8re visite ?<\/strong> <br \/>\n<strong>Voil\u00e0 des indications qui vous aideront \u00e0 naviguer!<\/strong><\/p>\n<p style=\"text-align: left;\"><strong>Cat\u00e9gories :\u00a0<\/strong><\/p>\n<ul>\n<li style=\"text-align: left;\"><a href=\"http:\/\/www.auvifdemaplume.fr\/index.php\/a-propos\/\"><strong>A propos<\/strong><\/a> -&gt; vous y trouverez des informations sur moi, qui je suis, d&#8217;o\u00f9 je viens, pour d\u00e9couvrir mon parcours. Vous pouvez aussi y acc\u00e9der en cliquant sur ma photo dans la sidebar !<\/li>\n<li style=\"text-align: left;\"><a href=\"http:\/\/www.auvifdemaplume.fr\"><strong>Journal<\/strong><\/a> -&gt; vous y trouverez tous mes articles dans l&#8217;ordre chronologique invers\u00e9. Pour y revenir, il nous suffit de cliquer sur le bouton dans le menu, ou bien sur le logo Momig<\/li>\n<li style=\"text-align: left;\"><a href=\"http:\/\/www.auvifdemaplume.fr\/index.php\/lire-ecrire\/\"><strong>Lire\/\u00e9crire<\/strong><\/a> -&gt; vous y trouverez mes articles qui parlent de lectures, du travail d&#8217;\u00e9criture en g\u00e9n\u00e9ral, et de mon travail d&#8217;\u00e9crivain<\/li>\n<li style=\"text-align: left;\"><a href=\"http:\/\/www.auvifdemaplume.fr\/index.php\/category\/portraits\/\"><strong>Portraits<\/strong><\/a> -&gt; vous y trouverez les portraits de personnes inspirantes que j&#8217;ai eu la chance de rencontrer au hasard,<\/li>\n<\/ul>\n","protected":false},"author":3,"featured_media":0,"parent":0,"menu_order":0,"comment_status":"closed","ping_status":"closed","template":"","meta":{"_exactmetrics_skip_tracking":false,"_exactmetrics_sitenote_active":false,"_exactmetrics_sitenote_note":"","_exactmetrics_sitenote_category":0,"footnotes":""},"class_list":["post-384","page","type-page","status-publish","hentry"],"_links":{"self":[{"href":"https:\/\/www.auvifdemaplume.fr\/index.php\/wp-json\/wp\/v2\/pages\/384","targetHints":{"allow":["GET"]}}],"collection":[{"href":"https:\/\/www.auvifdemaplume.fr\/index.php\/wp-json\/wp\/v2\/pages"}],"about":[{"href":"https:\/\/www.auvifdemaplume.fr\/index.php\/wp-json\/wp\/v2\/types\/page"}],"author":[{"embeddable":true,"href":"https:\/\/www.auvifdemaplume.fr\/index.php\/wp-json\/wp\/v2\/users\/3"}],"replies":[{"embeddable":true,"href":"https:\/\/www.auvifdemaplume.fr\/index.php\/wp-json\/wp\/v2\/comments?post=384"}],"version-history":[{"count":30,"href":"https:\/\/www.auvifdemaplume.fr\/index.php\/wp-json\/wp\/v2\/pages\/384\/revisions"}],"predecessor-version":[{"id":551,"href":"https:\/\/www.auvifdemaplume.fr\/index.php\/wp-json\/wp\/v2\/pages\/384\/revisions\/551"}],"wp:attachment":[{"href":"https:\/\/www.auvifdemaplume.fr\/index.php\/wp-json\/wp\/v2\/media?parent=384"}],"curies":[{"name":"wp","href":"https:\/\/api.w.org\/{rel}","templated":true}]}}