{"id":268,"date":"2017-05-12T11:31:05","date_gmt":"2017-05-12T11:31:05","guid":{"rendered":"http:\/\/www.auvifdemaplume.fr\/?page_id=268"},"modified":"2022-01-27T15:11:34","modified_gmt":"2022-01-27T15:11:34","slug":"ateliers","status":"publish","type":"page","link":"https:\/\/www.auvifdemaplume.fr\/index.php\/ateliers\/","title":{"rendered":"Ateliers"},"content":{"rendered":"<h3><span style=\"font-size: 14pt;\"><strong><span style=\"line-height: 1.5;\">Mon\u00a0projet de moi&#8230; pour vous!<\/span><\/strong><\/span><\/h3>\n<p><span style=\"font-size: 18pt; line-height: 1.5;\">Ateliers de connaissance de soi par l&#8217;\u00e9criture<\/span><\/p>\n<p>En 2016, j\u2019ai crois\u00e9 la route d\u2019une grande amie d\u2019enfance. Et comme la vie fait bien les choses, son travail de coach a r\u00e9sonn\u00e9 avec mon \u00e9criture : pourquoi ne pas conjuguer nos \u00e9nergies compl\u00e9mentaires pour donner un peu de nous aux autres ?<br \/>\nOn a alors mont\u00e9 des ateliers de connaissance de Soi par l\u2019\u00e9criture, <strong>les ateliers LEV<\/strong> = Lire-Ecrire-Vivre. Destin\u00e9s \u00e0 tout le monde, ils ont pour objectif de d\u00e9passer les blocages que la vie a sem\u00e9s sur nos routes face \u00e0 la lecture et \u00e0 l\u2019\u00e9criture, et de montrer la puissance du Verbe pour mieux comprendre qui on est.<\/p>\n<p><img loading=\"lazy\" decoding=\"async\" class=\"alignnone size-medium wp-image-363\" src=\"http:\/\/www.auvifdemaplume.fr\/wp-content\/uploads\/2017\/05\/BULLES-LEV-01-300x287.png\" alt=\"\" width=\"300\" height=\"287\" srcset=\"https:\/\/www.auvifdemaplume.fr\/wp-content\/uploads\/2017\/05\/BULLES-LEV-01-300x287.png 300w, https:\/\/www.auvifdemaplume.fr\/wp-content\/uploads\/2017\/05\/BULLES-LEV-01-768x736.png 768w, https:\/\/www.auvifdemaplume.fr\/wp-content\/uploads\/2017\/05\/BULLES-LEV-01-746x715.png 746w, https:\/\/www.auvifdemaplume.fr\/wp-content\/uploads\/2017\/05\/BULLES-LEV-01-483x463.png 483w, https:\/\/www.auvifdemaplume.fr\/wp-content\/uploads\/2017\/05\/BULLES-LEV-01-360x345.png 360w, https:\/\/www.auvifdemaplume.fr\/wp-content\/uploads\/2017\/05\/BULLES-LEV-01-600x575.png 600w, https:\/\/www.auvifdemaplume.fr\/wp-content\/uploads\/2017\/05\/BULLES-LEV-01-263x252.png 263w, https:\/\/www.auvifdemaplume.fr\/wp-content\/uploads\/2017\/05\/BULLES-LEV-01.png 948w\" sizes=\"auto, (max-width: 300px) 100vw, 300px\" \/><\/p>\n<p>A travers LEV, <strong>partez \u00e0 la d\u00e9couverte du meilleur de vous-m\u00eame<\/strong> et abordez en profondeur les questions li\u00e9es \u00e0 l&#8217;identit\u00e9, l&#8217;image, la libert\u00e9, le couple et la famille. LEV\u00a0s&#8217;adresse \u00e0 tous ceux qui souhaitent mobiliser leurs ressources et celles des autres pour op\u00e9rer les bons choix de vie pour eux-m\u00eames.<\/p>\n<p>Et comme j&#8217;avais envie que ce soit beau et simple, j&#8217;ai nich\u00e9 les ateliers \u00e0 S\u00e8vres dans un chalet qui sent bon le bois et la nature.<\/p>\n<p>Le prochain atelier en <strong>2022<\/strong> aura lieu le :<\/p>\n<p><span style=\"font-size: 14pt;\"><strong><span style=\"color: #800000;\">Samedi 26 mars 2022 de 9h30 \u00e0 17h<\/span><\/strong><\/span><\/p>\n<p>Voici le flyer avec tous les d\u00e9tails concernant le d\u00e9roulement des ateliers :<\/p>\n<p><a href=\"https:\/\/www.auvifdemaplume.fr\/wp-content\/uploads\/2022\/01\/Recto-flyer-LEV-2022.pdf\">Recto-flyer-LEV-2022<\/a><\/p>\n<p><a href=\"https:\/\/www.auvifdemaplume.fr\/wp-content\/uploads\/2022\/01\/verso-flyer-LEV-2022.pdf\">Verso-flyer-lev-2022<\/a><\/p>\n<p style=\"text-align: left;\">Si \u00e7a vous donne envie, il suffit de remplir le bulletin d&#8217;inscription contenu dans le flyer et de le renvoyer, je limite volontairement le nombre de participants pour que chacun puisse exprimer sa voix.<\/p>\n<div class=\"col-md-6\"><\/div><div class=\"col-md-6\"><\/div>\n<p>Surtout n\u2019h\u00e9sitez pas \u00e0 me contacter, je serai ravie de pouvoir vous parler un peu plus de ce qu\u2019on fait, et peut-\u00eatre avoir le bonheur de vous retrouver \u00e0 l\u2019occasion d\u2019un atelier!<br \/>\nVous allez voir, \u00e7a fait du bien de s\u2019exprimer avec ses mots\u2026<\/p>\n<p><a href=\"mailto:auvifdemaplume@gmail.com\">Contactez-moi<\/a><\/p>\n","protected":false},"excerpt":{"rendered":"<p><strong>Mon\u00a0projet de moi&#8230; pour vous!<\/strong><\/p>\n<p>Ateliers de connaissance de soi par l&#8217;\u00e9criture<\/p>\n<p>En 2016, j\u2019ai crois\u00e9 la route d\u2019une grande amie d\u2019enfance. Et comme la vie fait bien les choses, son travail de coach a r\u00e9sonn\u00e9 avec mon \u00e9criture : pourquoi ne pas conjuguer nos \u00e9nergies compl\u00e9mentaires pour donner un peu de nous aux autres ?<br \/>\nOn a alors mont\u00e9 des ateliers de connaissance de Soi par l\u2019\u00e9criture, <strong>les ateliers LEV<\/strong> = Lire-Ecrire-Vivre. Destin\u00e9s \u00e0 tout le monde, ils ont pour objectif de d\u00e9passer les blocages que la vie a sem\u00e9s sur nos routes face \u00e0 la lecture et \u00e0 l\u2019\u00e9criture, et de montrer la puissance du Verbe pour mieux comprendre qui on est.<\/p>\n<p><img loading=\"lazy\" decoding=\"async\" class=\"alignnone size-medium wp-image-363\" src=\"http:\/\/www.auvifdemaplume.fr\/wp-content\/uploads\/2017\/05\/BULLES-LEV-01-300x287.png\" alt=\"\" width=\"300\" height=\"287\" srcset=\"https:\/\/www.auvifdemaplume.fr\/wp-content\/uploads\/2017\/05\/BULLES-LEV-01-300x287.png 300w, https:\/\/www.auvifdemaplume.fr\/wp-content\/uploads\/2017\/05\/BULLES-LEV-01-768x736.png 768w, https:\/\/www.auvifdemaplume.fr\/wp-content\/uploads\/2017\/05\/BULLES-LEV-01-746x715.png 746w, https:\/\/www.auvifdemaplume.fr\/wp-content\/uploads\/2017\/05\/BULLES-LEV-01-483x463.png 483w, https:\/\/www.auvifdemaplume.fr\/wp-content\/uploads\/2017\/05\/BULLES-LEV-01-360x345.png 360w, https:\/\/www.auvifdemaplume.fr\/wp-content\/uploads\/2017\/05\/BULLES-LEV-01-600x575.png 600w, https:\/\/www.auvifdemaplume.fr\/wp-content\/uploads\/2017\/05\/BULLES-LEV-01-263x252.png 263w, https:\/\/www.auvifdemaplume.fr\/wp-content\/uploads\/2017\/05\/BULLES-LEV-01.png 948w\" sizes=\"auto, (max-width: 300px) 100vw, 300px\" \/><\/p>\n<p>A travers LEV, <strong>partez \u00e0 la d\u00e9couverte du meilleur de vous-m\u00eame<\/strong> et abordez en profondeur les questions li\u00e9es \u00e0 l&#8217;identit\u00e9, l&#8217;image,<\/p>\n","protected":false},"author":3,"featured_media":0,"parent":0,"menu_order":0,"comment_status":"closed","ping_status":"closed","template":"","meta":{"_exactmetrics_skip_tracking":false,"_exactmetrics_sitenote_active":false,"_exactmetrics_sitenote_note":"","_exactmetrics_sitenote_category":0,"footnotes":""},"class_list":["post-268","page","type-page","status-publish","hentry"],"_links":{"self":[{"href":"https:\/\/www.auvifdemaplume.fr\/index.php\/wp-json\/wp\/v2\/pages\/268","targetHints":{"allow":["GET"]}}],"collection":[{"href":"https:\/\/www.auvifdemaplume.fr\/index.php\/wp-json\/wp\/v2\/pages"}],"about":[{"href":"https:\/\/www.auvifdemaplume.fr\/index.php\/wp-json\/wp\/v2\/types\/page"}],"author":[{"embeddable":true,"href":"https:\/\/www.auvifdemaplume.fr\/index.php\/wp-json\/wp\/v2\/users\/3"}],"replies":[{"embeddable":true,"href":"https:\/\/www.auvifdemaplume.fr\/index.php\/wp-json\/wp\/v2\/comments?post=268"}],"version-history":[{"count":72,"href":"https:\/\/www.auvifdemaplume.fr\/index.php\/wp-json\/wp\/v2\/pages\/268\/revisions"}],"predecessor-version":[{"id":2169,"href":"https:\/\/www.auvifdemaplume.fr\/index.php\/wp-json\/wp\/v2\/pages\/268\/revisions\/2169"}],"wp:attachment":[{"href":"https:\/\/www.auvifdemaplume.fr\/index.php\/wp-json\/wp\/v2\/media?parent=268"}],"curies":[{"name":"wp","href":"https:\/\/api.w.org\/{rel}","templated":true}]}}