{"id":170,"date":"2017-04-24T13:29:21","date_gmt":"2017-04-24T13:29:21","guid":{"rendered":"http:\/\/www.auvifdemaplume.fr\/?page_id=170"},"modified":"2018-09-09T14:16:51","modified_gmt":"2018-09-09T14:16:51","slug":"a-propos","status":"publish","type":"page","link":"https:\/\/www.auvifdemaplume.fr\/index.php\/a-propos\/","title":{"rendered":"\u00c0 propos"},"content":{"rendered":"<p>&nbsp;<\/p>\n<p>Je m\u2019appelle <strong>Isabelle Estournet-Djehizian<\/strong>, connue sous le nom de <a href=\"http:\/\/www.momig.fr\/#\/momig\">Momig<\/a>, depuis la parution de mon premier livre &#8220;Momig, la petite bougie&#8221;.<\/p>\n<p><img loading=\"lazy\" decoding=\"async\" class=\"alignnone wp-image-292\" src=\"http:\/\/www.auvifdemaplume.fr\/wp-content\/uploads\/2017\/04\/a-propos-Momig-257x300.jpg\" alt=\"\" width=\"215\" height=\"251\" srcset=\"https:\/\/www.auvifdemaplume.fr\/wp-content\/uploads\/2017\/04\/a-propos-Momig-257x300.jpg 257w, https:\/\/www.auvifdemaplume.fr\/wp-content\/uploads\/2017\/04\/a-propos-Momig-613x715.jpg 613w, https:\/\/www.auvifdemaplume.fr\/wp-content\/uploads\/2017\/04\/a-propos-Momig-429x500.jpg 429w, https:\/\/www.auvifdemaplume.fr\/wp-content\/uploads\/2017\/04\/a-propos-Momig-360x420.jpg 360w, https:\/\/www.auvifdemaplume.fr\/wp-content\/uploads\/2017\/04\/a-propos-Momig-600x700.jpg 600w, https:\/\/www.auvifdemaplume.fr\/wp-content\/uploads\/2017\/04\/a-propos-Momig-226x263.jpg 226w, https:\/\/www.auvifdemaplume.fr\/wp-content\/uploads\/2017\/04\/a-propos-Momig.jpg 717w\" sizes=\"auto, (max-width: 215px) 100vw, 215px\" \/><\/p>\n<p>Je voudrais vous dire qu\u2019<strong>il n\u2019est jamais trop tard ni trop t\u00f4t pour \u00eatre libre<\/strong>. J\u2019ai v\u00e9cu toute ma vie dans la conviction qu\u2019il fallait que je suive le chemin qu\u2019on m\u2019avait trac\u00e9 jusqu\u2019au jour o\u00f9 j\u2019ai os\u00e9 prendre ma propre route. C\u2019est cette histoire que j\u2019ai envie de vous raconter.<\/p>\n<p>Epouse aimante, amie disponible, entrepreneuse active, m\u00e8re \u00e0 plein temps\u2026je suis stopp\u00e9e nette dans ma lanc\u00e9e quand un jour on m\u2019annonce que mon fr\u00e8re &#8211; mon alter ego, mon compagnon de toujours &#8211; va mourir, et qu\u2019on n\u2019y peut rien. Je me souviens, juste avant qu\u2019il meure, un matin je me suis r\u00e9veill\u00e9e en sentant sur mon corps un trente-huit tonnes qui m\u2019emp\u00eachait de bouger, comme si je venais de prendre en pleine figure l\u2019\u00e9lastique qui se tendait depuis le d\u00e9but de sa maladie !<\/p>\n<p>A ce moment-l\u00e0 un instinct s\u2019est r\u00e9veill\u00e9 en moi, celui qui te dit que tu n\u2019as plus le temps, que tu ne peux plus faire semblant, que ta vie sonne faux. Si mon fr\u00e8re l\u2019incasable, l\u2019insaisissable, la libellule ne pouvait plus vivre, <strong>alors il allait falloir que je trouve le chemin<\/strong> et que je vive pour deux. J\u2019ai pris conscience de mes prisons, j\u2019ai avanc\u00e9, tr\u00e9buch\u00e9, cherch\u00e9 du sens, pas \u00e0 pas. J\u2019ai os\u00e9 dire ce que je ressentais, j\u2019ai repris le journal que je tenais \u00e0 20 ans, <strong>j\u2019ai retrouv\u00e9 ma voix dans les mots<\/strong>, et j\u2019ai \u00e9crit mon premier livre, comme on plonge dans la vie. J\u2019ai compris \u00e0 quel point je manquais de bienveillance et de respect envers moi-m\u00eame, et j\u2019ai d\u00e9cid\u00e9 de prendre mes responsabilit\u00e9s pour commencer \u00e0 incarner les valeurs que j\u2019ai d\u00e9fendues toute ma vie.<\/p>\n<p>Aujourd\u2019hui, apr\u00e8s avoir \u00e9crit un deuxi\u00e8me livre\u00ab<a href=\"http:\/\/www.momig.fr\/#\/leventreetlaplume\">\u00a0Le ventre et la plume\u00a0<\/a>\u00bb et termin\u00e9 le manuscrit d&#8217;un troisi\u00e8me, j\u2019ouvre ce blog pour partager tout ce que j\u2019ai appris, dans ma vie et mes rencontres, et montrer <strong>\u00e0 quel point vivre en accord avec soi et ses valeurs est source de joie<\/strong> au quotidien. J\u2019esp\u00e8re pouvoir vous inspirer, vous donner envie d\u2019aller chercher les ressources en vous pour vous exprimer et exp\u00e9rimenter le bonheur d\u2019\u00eatre libre. Mon bonheur \u00e0 moi c\u2019est quand quelqu\u2019un me dit que mon \u00e9criture l\u2019a touch\u00e9 et aid\u00e9 \u00e0 trouver la force de se mettre en route pour lui-m\u00eame, alors mon plus grand souhait c\u2019est qu\u2019\u00e0 travers ce blog, je puisse <strong>\u00e9changer et partager au maximum avec vous\u00a0!<\/strong><\/p>\n<p><img loading=\"lazy\" decoding=\"async\" class=\"wp-image-368 alignleft\" src=\"http:\/\/www.auvifdemaplume.fr\/wp-content\/uploads\/2017\/05\/SIGNATURE-02.png\" alt=\"\" width=\"113\" height=\"57\" srcset=\"https:\/\/www.auvifdemaplume.fr\/wp-content\/uploads\/2017\/05\/SIGNATURE-02.png 743w, https:\/\/www.auvifdemaplume.fr\/wp-content\/uploads\/2017\/05\/SIGNATURE-02-300x151.png 300w, https:\/\/www.auvifdemaplume.fr\/wp-content\/uploads\/2017\/05\/SIGNATURE-02-483x242.png 483w, https:\/\/www.auvifdemaplume.fr\/wp-content\/uploads\/2017\/05\/SIGNATURE-02-360x181.png 360w, https:\/\/www.auvifdemaplume.fr\/wp-content\/uploads\/2017\/05\/SIGNATURE-02-600x301.png 600w, https:\/\/www.auvifdemaplume.fr\/wp-content\/uploads\/2017\/05\/SIGNATURE-02-263x132.png 263w\" sizes=\"auto, (max-width: 113px) 100vw, 113px\" \/><\/p>\n<p>&nbsp;<\/p>\n<p>&nbsp;<\/p>\n<p><span style=\"font-size: 14pt;\"><strong>Ce que j&#8217;ai envie de vous dire encore&#8230;<\/strong><\/span><\/p>\n<p>Je suis n\u00e9e en 1962 \u00e0 Marseille d\u2019une m\u00e8re arm\u00e9nienne et d\u2019un p\u00e8re pyr\u00e9n\u00e9en, deux g\u00e9nies en math\u00e9matiques.<\/p>\n<p><img loading=\"lazy\" decoding=\"async\" class=\"alignnone wp-image-295\" src=\"http:\/\/www.auvifdemaplume.fr\/wp-content\/uploads\/2017\/04\/parents-Momig-225x300.jpg\" alt=\"\" width=\"206\" height=\"275\" srcset=\"https:\/\/www.auvifdemaplume.fr\/wp-content\/uploads\/2017\/04\/parents-Momig-225x300.jpg 225w, https:\/\/www.auvifdemaplume.fr\/wp-content\/uploads\/2017\/04\/parents-Momig.jpg 768w, https:\/\/www.auvifdemaplume.fr\/wp-content\/uploads\/2017\/04\/parents-Momig-536x715.jpg 536w, https:\/\/www.auvifdemaplume.fr\/wp-content\/uploads\/2017\/04\/parents-Momig-375x500.jpg 375w, https:\/\/www.auvifdemaplume.fr\/wp-content\/uploads\/2017\/04\/parents-Momig-360x480.jpg 360w, https:\/\/www.auvifdemaplume.fr\/wp-content\/uploads\/2017\/04\/parents-Momig-600x800.jpg 600w, https:\/\/www.auvifdemaplume.fr\/wp-content\/uploads\/2017\/04\/parents-Momig-197x263.jpg 197w\" sizes=\"auto, (max-width: 206px) 100vw, 206px\" \/><\/p>\n<p>Apr\u00e8s mon bac scientifique, j\u2019ai choisi des \u00e9tudes d\u2019\u00e9conomie que j\u2019ai suivies \u00e0 Dauphine puis en troisi\u00e8me cycle \u00e0 Science Po Paris.<\/p>\n<p>C\u2019est l\u00e0 que j\u2019ai rencontr\u00e9 mon premier associ\u00e9 et \u00e0 22 ans je cr\u00e9ais une petite soci\u00e9t\u00e9 d\u2019analyse statistique. Cette aventure a dur\u00e9 douze ans durant lesquelles j\u2019ai \u00e9norm\u00e9ment appris. En m\u00eame temps, j\u2019\u00e9tais professeure vacataire \u00e0 HEC et \u00e0 Science Po, faisant profiter mes \u00e9tudiants de cette expertise particuli\u00e8re du marketing quantitatif qu\u2019on appelle aujourd\u2019hui \u00ab\u00a0big data\u00a0\u00bb. J\u2019ai ensuite travaill\u00e9 six ans dans un groupe anglais o\u00f9 j\u2019ai cr\u00e9\u00e9 un d\u00e9partement \u00ab\u00a0Comptes-cl\u00e9s\u00a0\u00bb, pour prendre soin des grands clients internationaux. Depuis maintenant treize ans, je dirige une petite structure sp\u00e9cialis\u00e9e dans le support aux PME innovantes.<\/p>\n<p>Je me suis mari\u00e9e jeune et avec mon mari, nous avons eu trois enfants qui ont grandi en r\u00e9gion parisienne.<\/p>\n<p>En dehors de mon travail, <strong>j\u2019ai toujours aim\u00e9 l\u2019art\u00a0: la lecture, la musique, le dessin<\/strong> que j\u2019ai pratiqu\u00e9 durant toute ma vie dans les quelques heures qui me restaient, comme une n\u00e9cessit\u00e9 vitale.<\/p>\n<p>A quarante ans, j\u2019ai perdu mon fr\u00e8re d\u2019une tumeur au cerveau et ce fut un raz de mar\u00e9e pour toute notre famille. Ce drame absolu a rebattu les cartes, a r\u00e9v\u00e9l\u00e9 les douleurs et les folies que chacun avait mis tant d\u2019ann\u00e9es \u00e0 cacher\u00a0: je suis tomb\u00e9e tellement bas qu\u2019il m\u2019a fallu un lent travail de reconstruction pour me relever et pour <strong>oser dire qui j\u2019\u00e9tais et ce que je voulais<\/strong>.<\/p>\n<p><img loading=\"lazy\" decoding=\"async\" class=\"alignnone size-medium wp-image-290\" src=\"http:\/\/www.auvifdemaplume.fr\/wp-content\/uploads\/2017\/04\/IMG_5544-300x225.jpg\" alt=\"\" width=\"300\" height=\"225\" srcset=\"https:\/\/www.auvifdemaplume.fr\/wp-content\/uploads\/2017\/04\/IMG_5544-300x225.jpg 300w, https:\/\/www.auvifdemaplume.fr\/wp-content\/uploads\/2017\/04\/IMG_5544-768x576.jpg 768w, https:\/\/www.auvifdemaplume.fr\/wp-content\/uploads\/2017\/04\/IMG_5544-1024x768.jpg 1024w, https:\/\/www.auvifdemaplume.fr\/wp-content\/uploads\/2017\/04\/IMG_5544-953x715.jpg 953w, https:\/\/www.auvifdemaplume.fr\/wp-content\/uploads\/2017\/04\/IMG_5544-483x362.jpg 483w, https:\/\/www.auvifdemaplume.fr\/wp-content\/uploads\/2017\/04\/IMG_5544-360x270.jpg 360w, https:\/\/www.auvifdemaplume.fr\/wp-content\/uploads\/2017\/04\/IMG_5544-600x450.jpg 600w, https:\/\/www.auvifdemaplume.fr\/wp-content\/uploads\/2017\/04\/IMG_5544-263x197.jpg 263w, https:\/\/www.auvifdemaplume.fr\/wp-content\/uploads\/2017\/04\/IMG_5544.jpg 2016w\" sizes=\"auto, (max-width: 300px) 100vw, 300px\" \/><\/p>\n<p>Quelques ann\u00e9es apr\u00e8s, j\u2019ai divorc\u00e9 et il m\u2019a fallu trouver l\u2019\u00e9nergie pour traverser ce nouveau d\u00e9sert, rapidement alourdi du d\u00e9c\u00e8s de ma m\u00e8re qui nous laissait sur les bras tous les silences de son origine arm\u00e9nienne non partag\u00e9e. Je me suis alors lanc\u00e9e sur la piste de mes origines, de mon histoire. <strong>J\u2019ai encha\u00een\u00e9 les mots aux mots sur un journal de bord<\/strong> dont j\u2019ai lu quelques extraits \u00e0 Hovhann\u00e8s Haroutiounian, artiste peintre rencontr\u00e9 \u00e0 Paris. C\u2019est lui qui le premier m\u2019a dit \u00ab\u00a0Momigdjan, c\u2019est s\u00fbr, tu es \u00e9crivain ! \u00bb<\/p>\n<p>C\u2019est gr\u00e2ce \u00e0 cette confiance et \u00e0 bien d\u2019autres rencontres, que j\u2019ai os\u00e9 un jour transformer ce regard singulier et intime en livre. Et parce que je reste avant tout une grande amoureuse des livres, j\u2019ai choisi d\u2019en faire de tr\u00e8s beaux objets et de ponctuer le rythme de mes phrases avec les peintures d\u2019Hovhann\u00e8s.<\/p>\n<p>Aujourd\u2019hui j\u2019ai \u00e9dit\u00e9 deux ouvrages po\u00e9tiques et atypiques\u00a0: \u00ab\u00a0<a href=\"http:\/\/www.momig.fr\/#\/momig\">Momig<\/a>\u00a0\u00bb en 2014 et \u00ab<a href=\"http:\/\/www.momig.fr\/#\/leventreetlaplume\">\u00a0Le ventre et la plume\u00a0<\/a>\u00bb en 2015, gr\u00e2ce auxquels je vis de magnifiques aventures. J\u2019ai d\u00e9j\u00e0 plus d\u2019un millier de lecteurs, j\u2019ai fait des dizaines de d\u00e9dicaces toujours avec la m\u00eame \u00e9motion, j\u2019ai crois\u00e9 la route de personnes merveilleuses et <strong>j\u2019ai choisi de ne plus faire que cela\u00a0: lire, \u00e9crire et partager ce puissant\u00a0outil qu\u2019est le Verbe<\/strong>.<\/p>\n<p>Et pour finir ce tableau d\u2019ensemble, avec l\u2019homme qui partage d\u00e9sormais ma vie et dont l&#8217;\u00e9nergie et la bienveillance me portent toujours plus loin, nous avons la chance d\u2019avoir autour de nous une tribu de cinq jeunes adultes \u00e0 qui nous apportons notre exp\u00e9rience et qui nous fait profiter de sa belle vitalit\u00e9. Et depuis le 30 ao\u00fbt 2018, nous sommes grands-parents d&#8217;un petit bonhomme qui\u00a0fixe de son empreinte d&#8217;ange l&#8217;entr\u00e9e en sc\u00e8ne de la nouvelle g\u00e9n\u00e9ration.\u00a0Sans oublier Perle, les poules et la ruche&#8230;<\/p>\n<p><img loading=\"lazy\" decoding=\"async\" class=\"alignnone wp-image-355\" src=\"http:\/\/www.auvifdemaplume.fr\/wp-content\/uploads\/2017\/04\/IMG_5278-300x225.jpg\" alt=\"\" width=\"252\" height=\"189\" srcset=\"https:\/\/www.auvifdemaplume.fr\/wp-content\/uploads\/2017\/04\/IMG_5278-300x225.jpg 300w, https:\/\/www.auvifdemaplume.fr\/wp-content\/uploads\/2017\/04\/IMG_5278-768x576.jpg 768w, https:\/\/www.auvifdemaplume.fr\/wp-content\/uploads\/2017\/04\/IMG_5278-483x362.jpg 483w, https:\/\/www.auvifdemaplume.fr\/wp-content\/uploads\/2017\/04\/IMG_5278-360x270.jpg 360w, https:\/\/www.auvifdemaplume.fr\/wp-content\/uploads\/2017\/04\/IMG_5278-600x450.jpg 600w, https:\/\/www.auvifdemaplume.fr\/wp-content\/uploads\/2017\/04\/IMG_5278-263x197.jpg 263w, https:\/\/www.auvifdemaplume.fr\/wp-content\/uploads\/2017\/04\/IMG_5278.jpg 800w\" sizes=\"auto, (max-width: 252px) 100vw, 252px\" \/><\/p>\n<blockquote><p>Celui qui nous s\u00e9duit, c\u2019est celui qui se d\u00e9bat avec sa sinc\u00e9rit\u00e9, avec la v\u00e9rit\u00e9 de son \u00e2me, face \u00e0 nous, presque nu. Peut-\u00eatre est-ce simplement cela, \u00eatre artiste ? J\u2019ai fait de mon mieux pour rompre le silence, avec d\u00e9licatesse et bienveillance, j\u2019esp\u00e8re que cela s\u2019entendra.<\/p><\/blockquote>\n","protected":false},"excerpt":{"rendered":"<p>&nbsp;<\/p>\n<p>Je m\u2019appelle <strong>Isabelle Estournet-Djehizian<\/strong>, connue sous le nom de <a href=\"http:\/\/www.momig.fr\/#\/momig\">Momig<\/a>, depuis la parution de mon premier livre &#8220;Momig, la petite bougie&#8221;.<\/p>\n<p><img loading=\"lazy\" decoding=\"async\" class=\"alignnone wp-image-292\" src=\"http:\/\/www.auvifdemaplume.fr\/wp-content\/uploads\/2017\/04\/a-propos-Momig-257x300.jpg\" alt=\"\" width=\"215\" height=\"251\" srcset=\"https:\/\/www.auvifdemaplume.fr\/wp-content\/uploads\/2017\/04\/a-propos-Momig-257x300.jpg 257w, https:\/\/www.auvifdemaplume.fr\/wp-content\/uploads\/2017\/04\/a-propos-Momig-613x715.jpg 613w, https:\/\/www.auvifdemaplume.fr\/wp-content\/uploads\/2017\/04\/a-propos-Momig-429x500.jpg 429w, https:\/\/www.auvifdemaplume.fr\/wp-content\/uploads\/2017\/04\/a-propos-Momig-360x420.jpg 360w, https:\/\/www.auvifdemaplume.fr\/wp-content\/uploads\/2017\/04\/a-propos-Momig-600x700.jpg 600w, https:\/\/www.auvifdemaplume.fr\/wp-content\/uploads\/2017\/04\/a-propos-Momig-226x263.jpg 226w, https:\/\/www.auvifdemaplume.fr\/wp-content\/uploads\/2017\/04\/a-propos-Momig.jpg 717w\" sizes=\"auto, (max-width: 215px) 100vw, 215px\" \/><\/p>\n<p>Je voudrais vous dire qu\u2019<strong>il n\u2019est jamais trop tard ni trop t\u00f4t pour \u00eatre libre<\/strong>. J\u2019ai v\u00e9cu toute ma vie dans la conviction qu\u2019il fallait que je suive le chemin qu\u2019on m\u2019avait trac\u00e9 jusqu\u2019au jour o\u00f9 j\u2019ai os\u00e9 prendre ma propre route. C\u2019est cette histoire que j\u2019ai envie de vous raconter.<\/p>\n<p>Epouse aimante, amie disponible, entrepreneuse active, m\u00e8re \u00e0 plein temps\u2026je suis stopp\u00e9e nette dans ma lanc\u00e9e quand un jour on m\u2019annonce que mon fr\u00e8re &#8211; mon alter ego, mon compagnon de toujours &#8211; va mourir, et qu\u2019on n\u2019y peut rien. Je me souviens, juste avant qu\u2019il meure, un matin je me suis r\u00e9veill\u00e9e en sentant sur mon corps un trente-huit tonnes qui m\u2019emp\u00eachait de bouger,<\/p>\n","protected":false},"author":3,"featured_media":0,"parent":0,"menu_order":0,"comment_status":"closed","ping_status":"closed","template":"page-normal-sidebar.php","meta":{"_exactmetrics_skip_tracking":false,"_exactmetrics_sitenote_active":false,"_exactmetrics_sitenote_note":"","_exactmetrics_sitenote_category":0,"footnotes":""},"class_list":["post-170","page","type-page","status-publish","hentry"],"_links":{"self":[{"href":"https:\/\/www.auvifdemaplume.fr\/index.php\/wp-json\/wp\/v2\/pages\/170","targetHints":{"allow":["GET"]}}],"collection":[{"href":"https:\/\/www.auvifdemaplume.fr\/index.php\/wp-json\/wp\/v2\/pages"}],"about":[{"href":"https:\/\/www.auvifdemaplume.fr\/index.php\/wp-json\/wp\/v2\/types\/page"}],"author":[{"embeddable":true,"href":"https:\/\/www.auvifdemaplume.fr\/index.php\/wp-json\/wp\/v2\/users\/3"}],"replies":[{"embeddable":true,"href":"https:\/\/www.auvifdemaplume.fr\/index.php\/wp-json\/wp\/v2\/comments?post=170"}],"version-history":[{"count":31,"href":"https:\/\/www.auvifdemaplume.fr\/index.php\/wp-json\/wp\/v2\/pages\/170\/revisions"}],"predecessor-version":[{"id":1514,"href":"https:\/\/www.auvifdemaplume.fr\/index.php\/wp-json\/wp\/v2\/pages\/170\/revisions\/1514"}],"wp:attachment":[{"href":"https:\/\/www.auvifdemaplume.fr\/index.php\/wp-json\/wp\/v2\/media?parent=170"}],"curies":[{"name":"wp","href":"https:\/\/api.w.org\/{rel}","templated":true}]}}